{"id":97,"date":"2022-08-11T17:10:30","date_gmt":"2022-08-11T17:10:30","guid":{"rendered":"https:\/\/mislolas.com\/web2\/?page_id=97"},"modified":"2024-03-07T00:09:59","modified_gmt":"2024-03-07T00:09:59","slug":"implantes-mamarios","status":"publish","type":"page","link":"https:\/\/mislolas.com\/web2\/implantes-mamarios\/","title":{"rendered":"Implantes Mamarios"},"content":{"rendered":"\t\t<div data-elementor-type=\"wp-page\" data-elementor-id=\"97\" class=\"elementor elementor-97\" data-elementor-settings=\"{&quot;ha_cmc_init_switcher&quot;:&quot;no&quot;}\" data-elementor-post-type=\"page\">\n\t\t\t\t\t\t<section class=\"elementor-section elementor-top-section elementor-element elementor-element-568be02b elementor-section-boxed elementor-section-height-default elementor-section-height-default\" data-id=\"568be02b\" data-element_type=\"section\" data-e-type=\"section\" data-settings=\"{&quot;background_background&quot;:&quot;classic&quot;,&quot;_ha_eqh_enable&quot;:false}\">\n\t\t\t\t\t\t<div class=\"elementor-container elementor-column-gap-default\">\n\t\t\t\t\t<div class=\"elementor-column elementor-col-100 elementor-top-column elementor-element elementor-element-76076a34\" data-id=\"76076a34\" data-element_type=\"column\" data-e-type=\"column\">\n\t\t\t<div class=\"elementor-widget-wrap elementor-element-populated\">\n\t\t\t\t\t\t<div class=\"elementor-element elementor-element-67932133 elementor-widget elementor-widget-text-editor\" data-id=\"67932133\" data-element_type=\"widget\" data-e-type=\"widget\" data-widget_type=\"text-editor.default\">\n\t\t\t\t<div class=\"elementor-widget-container\">\n\t\t\t\t\t\t\t\t\t<audio class=\"wp-audio-shortcode\" id=\"audio-97-1\" preload=\"none\" style=\"width: 100%;\" controls=\"controls\"><source type=\"audio\/mpeg\" src=\"https:\/\/mislolas.com\/audios\/implantes_mamarios.mp3?_=1\" \/><a href=\"https:\/\/mislolas.com\/audios\/implantes_mamarios.mp3\">https:\/\/mislolas.com\/audios\/implantes_mamarios.mp3<\/a><\/audio>\t\t\t\t\t\t\t\t<\/div>\n\t\t\t\t<\/div>\n\t\t\t\t<div class=\"elementor-element elementor-element-4fe0435 elementor-widget elementor-widget-text-editor\" data-id=\"4fe0435\" data-element_type=\"widget\" data-e-type=\"widget\" data-widget_type=\"text-editor.default\">\n\t\t\t\t<div class=\"elementor-widget-container\">\n\t\t\t\t\t\t\t\t\t<h2 class=\"art-postheader\">Implantes Mamarios<\/h2><div class=\"art-postcontent art-postcontent-0 clearfix\"><p style=\"text-align: justify;\"><b>Anatom\u00eda<\/b><strong>, desarrollo normal<\/strong><\/p><p style=\"text-align: justify;\">El desarrollo de las mamas se inicia a partir de la semana 11 de la vida embriol\u00f3gica, el bot\u00f3n mamario migra sobre una l\u00ednea que topogr\u00e1ficamente esta ubicada entre la axila y la ingle; por esta raz\u00f3n puede existir rastros o n\u00facleos de tejido mamario fuera de la localizaci\u00f3n habitual de las mamas. Esta ubicaci\u00f3n ect\u00f3pica de la mama es conocida como politelias, polimat\u00edas y es com\u00fan en las personas de sexo femenino, muchas veces es confundida con lunares o \u201clipomas\u201d la verdad es que es mamas ect\u00f3picas y es necesario operarlas para quitarlas. En el hombre se denomina ginecomastia y es frecuente en j\u00f3venes entre 11 a\u00f1os y 30 a\u00f1os.<\/p><p style=\"text-align: justify;\"><br \/>Las mamas ya desarrolladas no ser\u00e1n sim\u00e9tricas, ni tendr\u00e1n un tama\u00f1o uniforme, todo va a depender de las caracter\u00edsticas heredadas de los padres o: rasgos \u00e9tnicos, los h\u00e1bitos alimenticios, la presencia de tratamientos hormonales y por eso es que existen tratamientos para llevar a las mamas al gusto o deseo de las pacientes cuando son muy peque\u00f1as se corrigen con implantes si son muy grandes, se corrige con mamoplastias reductoras y si por alguna raz\u00f3n las tienes ca\u00eddas o fl\u00e1cidas se corrigen con pexias mamarias.<\/p><p>\u00a0<\/p><p style=\"text-align: justify;\"><strong>Enfermedades benignas<\/strong><\/p><p style=\"text-align: justify;\">Las enfermedades benignas de la mama est\u00e1n relacionadas con la pubertad y la vida reproductiva de la mujer. Las mas conocidas son quistes (enfermedad fibroqu\u00edstica de la mama), tumores (fibroadenoma), pezones rasgados o umbilicados.<\/p><p style=\"text-align: justify;\"><br \/>En la etapa reproductiva y en el periodo del embarazo (\u00faltimos trimestres) o reci\u00e9n culminado el embarazo se presentan los abscesos de la mama tambi\u00e9n llamados \u201cmastitis puerperal\u201d y es una emergencia quir\u00fargica. Existen muchas otras enfermedades como son: ectasia ductal y flebitis de la mama.<\/p><p style=\"text-align: justify;\">Lo com\u00fan de estas enfermedades mamarias benignas es que producen mucho dolor, especialmente la enfermedad fibroquistica y los abscesos mamarios.<\/p><p>\u00a0<\/p><p style=\"text-align: justify;\"><strong>Implantes de mama<\/strong><\/p><p style=\"text-align: justify;\">Los implantes mamarios son artefactos inertes de diversos tama\u00f1os que aumentan la proyecci\u00f3n de la mama especialmente el volumen de este \u00f3rgano femenino dando la mayor sensaci\u00f3n de belleza y satisfacci\u00f3n femenina que te puedas imaginar.<\/p><p style=\"text-align: justify;\">Estos implantes se colocan en diversas partes anat\u00f3micas del pecho seg\u00fan la necesidad del paciente en una intervenci\u00f3n ambulatoria de muy bajo costo y con la posibilidad de reintegrarte al trabajo, tan pronto como te adaptes a este nuevo estilo de vida.<\/p><p style=\"text-align: justify;\">El tiempo operatorio para colocarlos es menor de 2 horas, y en ese m\u00ednimo tiempo cambiara radicalmente tu imagen y autoestima.<br \/>Los implantes son distribuidos por varias casas comerciales, el tama\u00f1o lo debes escoger con el cirujano que har\u00e1 tu intervenci\u00f3n y necesitas unos ex\u00e1menes previos a la intervenci\u00f3n.<\/p><p style=\"text-align: justify;\">Los implantes no contraindican la lactancia materna y tampoco impiden que te hagas los ex\u00e1menes de rutina preventiva como es la mamograf\u00eda.<\/p><p style=\"text-align: center;\"><strong>A partir de este momento tienes una invitaci\u00f3n para<\/strong><\/p><p style=\"text-align: center;\"><strong>\u201cponerle el pecho a la vida\u201d<\/strong><\/p><p style=\"text-align: center;\"><strong>solicita informaci\u00f3n de implantes mamarios<\/strong><\/p><p style=\"text-align: justify;\">\u00a0<\/p><p style=\"text-align: justify;\"><strong>Mamoplastia reductora<\/strong><\/p><p style=\"text-align: justify;\">Es un procedimiento quir\u00fargico de tipo ambulatorio que tiene como objetivo disminuir el tama\u00f1o de las gl\u00e1ndulas mamarias a un tama\u00f1o menor del 50% del tama\u00f1o original creando as\u00ed para la paciente la sensaci\u00f3n de mejor\u00eda y libertad, que las mamas grandes y voluminosas impiden; as\u00ed podr\u00e1s disfrutar de unos senos peque\u00f1os, agradables, hermosos y sensuales permitiendo que esa imagen f\u00e9mina la puedas realzar con tu ropa preferida.<\/p><p style=\"text-align: justify;\">Los senos grandes o voluminosos se pueden presentar a cualquier edad, en cualquier raza y no respetan las caracter\u00edsticas hereditarias del paciente. Molestan por su tama\u00f1o y peso. Adem\u00e1s afectan tu relaci\u00f3n con terceros al incomodar tu imagen femenina.<br \/>Es posible que dependiendo del tama\u00f1o de tus senos, esta intervenci\u00f3n requiera de un tipo de t\u00e9cnica que deja una cicatriz post operatoria en algunos casos mayor y en otros muy peque\u00f1a; para eso necesitas la consulta previa con el cirujano est\u00e9tico.<br \/>Esta intervenci\u00f3n no contraindica la lactancia materna y permite el retiro de tejido mamario excedente de grasa o con alteraciones benignas para estudios patol\u00f3gicos.<\/p><p style=\"text-align: justify;\">Descansa de los dolores de espalda y el fastidio de la cinta colgante del sost\u00e9n<\/p><p>\u00a0<\/p><p style=\"text-align: justify;\"><strong>Pexia mamaria<\/strong><\/p><p style=\"text-align: justify;\">Las mamas por exceso de peso, por la lactancia, por perdida de peso por intervenciones previas, por m\u00faltiples razones pueden perder el tejido el\u00e1stico y fibroso que las mantiene firmes y colgadas al pecho femenino (sabes que el cigarrillo destruye las fibras el\u00e1sticas) vamos a realizar la siguiente prueba para diagnosticar si tus mamas est\u00e1n ca\u00eddas? Col\u00f3cate con el t\u00f3rax descubierto frente a un espejo, toma un l\u00e1piz de grafito y col\u00f3calo en el surco que une la mama con la piel del t\u00f3rax, ahora eleva ambos brazos uniendo las manos en la nuca (coloca las manos sobre tu nuca o cabeza)\u2026 se cayo el l\u00e1piz? Aun esta ah\u00ed? Esta fuertemente agarrado por el seno? Entonces tienes ptosis mamaria y eres candidata a una pexia mamaria.<\/p><p style=\"text-align: justify;\">Este procedimiento quir\u00fargico tiene un tiempo operatorio de 2 horas aproximado, elimina piel y tejido fibro el\u00e1stico da\u00f1ado al realizarlo si deseas mamas de regular tama\u00f1o se requiere de colocar implante para aumentar el volumen ya que esta intervenci\u00f3n disminuye de forma importante el tama\u00f1o de la mama; pero si tus senos son grandes y no deseas mantenerlo por encima de la talla 34\u00aa , entonces no requieres de implante.<\/p><\/div>\t\t\t\t\t\t\t\t<\/div>\n\t\t\t\t<\/div>\n\t\t\t\t\t<\/div>\n\t\t<\/div>\n\t\t\t\t\t<\/div>\n\t\t<\/section>\n\t\t\t\t<\/div>\n\t\t","protected":false},"excerpt":{"rendered":"<p>Implantes Mamarios Anatom\u00eda, desarrollo normal El desarrollo de las mamas se inicia a partir de la semana 11 de la vida embriol\u00f3gica, el bot\u00f3n mamario migra sobre una l\u00ednea que topogr\u00e1ficamente esta ubicada entre la axila y la ingle; por esta raz\u00f3n puede existir rastros o n\u00facleos de tejido mamario fuera de la localizaci\u00f3n habitual [&hellip;]<\/p>\n","protected":false},"author":1,"featured_media":0,"parent":0,"menu_order":0,"comment_status":"closed","ping_status":"closed","template":"","meta":{"footnotes":""},"class_list":["post-97","page","type-page","status-publish","hentry"],"jetpack_sharing_enabled":true,"rttpg_featured_image_url":null,"rttpg_author":{"display_name":"admin","author_link":"https:\/\/mislolas.com\/web2\/author\/admin\/"},"rttpg_comment":0,"rttpg_category":null,"rttpg_excerpt":"Implantes Mamarios Anatom\u00eda, desarrollo normal El desarrollo de las mamas se inicia a partir de la semana 11 de la vida embriol\u00f3gica, el bot\u00f3n mamario migra sobre una l\u00ednea que topogr\u00e1ficamente esta ubicada entre la axila y la ingle; por esta raz\u00f3n puede existir rastros o n\u00facleos de tejido mamario fuera de la localizaci\u00f3n habitual&hellip;","_links":{"self":[{"href":"https:\/\/mislolas.com\/web2\/wp-json\/wp\/v2\/pages\/97","targetHints":{"allow":["GET"]}}],"collection":[{"href":"https:\/\/mislolas.com\/web2\/wp-json\/wp\/v2\/pages"}],"about":[{"href":"https:\/\/mislolas.com\/web2\/wp-json\/wp\/v2\/types\/page"}],"author":[{"embeddable":true,"href":"https:\/\/mislolas.com\/web2\/wp-json\/wp\/v2\/users\/1"}],"replies":[{"embeddable":true,"href":"https:\/\/mislolas.com\/web2\/wp-json\/wp\/v2\/comments?post=97"}],"version-history":[{"count":10,"href":"https:\/\/mislolas.com\/web2\/wp-json\/wp\/v2\/pages\/97\/revisions"}],"predecessor-version":[{"id":275,"href":"https:\/\/mislolas.com\/web2\/wp-json\/wp\/v2\/pages\/97\/revisions\/275"}],"wp:attachment":[{"href":"https:\/\/mislolas.com\/web2\/wp-json\/wp\/v2\/media?parent=97"}],"curies":[{"name":"wp","href":"https:\/\/api.w.org\/{rel}","templated":true}]}}