{"id":84,"date":"2022-08-11T17:06:46","date_gmt":"2022-08-11T17:06:46","guid":{"rendered":"https:\/\/mislolas.com\/web2\/?page_id=84"},"modified":"2024-03-07T01:40:15","modified_gmt":"2024-03-07T01:40:15","slug":"embarazo","status":"publish","type":"page","link":"https:\/\/mislolas.com\/web2\/embarazo\/","title":{"rendered":"Embarazo"},"content":{"rendered":"\t\t<div data-elementor-type=\"wp-page\" data-elementor-id=\"84\" class=\"elementor elementor-84\" data-elementor-settings=\"{&quot;ha_cmc_init_switcher&quot;:&quot;no&quot;}\" data-elementor-post-type=\"page\">\n\t\t\t\t\t\t<section class=\"elementor-section elementor-top-section elementor-element elementor-element-62299e05 elementor-section-boxed elementor-section-height-default elementor-section-height-default\" data-id=\"62299e05\" data-element_type=\"section\" data-e-type=\"section\" data-settings=\"{&quot;background_background&quot;:&quot;classic&quot;,&quot;_ha_eqh_enable&quot;:false}\">\n\t\t\t\t\t\t<div class=\"elementor-container elementor-column-gap-default\">\n\t\t\t\t\t<div class=\"elementor-column elementor-col-100 elementor-top-column elementor-element elementor-element-3b3b3aaa\" data-id=\"3b3b3aaa\" data-element_type=\"column\" data-e-type=\"column\">\n\t\t\t<div class=\"elementor-widget-wrap elementor-element-populated\">\n\t\t\t\t\t\t<div class=\"elementor-element elementor-element-5ecb0ff2 elementor-widget elementor-widget-text-editor\" data-id=\"5ecb0ff2\" data-element_type=\"widget\" data-e-type=\"widget\" data-widget_type=\"text-editor.default\">\n\t\t\t\t<div class=\"elementor-widget-container\">\n\t\t\t\t\t\t\t\t\t<h2 class=\"art-postheader\">Embarazo<\/h2><div class=\"art-postcontent art-postcontent-0 clearfix\"><p>El regalo de la naturaleza, la maternidad, nueve meses de gestaci\u00f3n y luego un reci\u00e9n nacido, y para el post parto la cirug\u00eda reconstructiva ofrece lipoescultura, pexias mamarias, retoque de cicatriz y la mas completa atenci\u00f3n del parto o ces\u00e1rea.<\/p><p><span style=\"color: #ffffff;\">.<\/span><\/p><hr \/><p><span style=\"color: #ffffff;\">.<\/span><\/p><p style=\"text-align: justify;\">La\u00a0 patolog\u00eda femenina es extensa y muy variada, tocaremos en este aparte enfermedades muy frecuentes y que tenemos la infraestructura para ofrecer tratamiento quir\u00fargico. Entre estas patolog\u00edas esta:<\/p><p style=\"text-align: justify;\"><strong>Piedras en la ves\u00edcula o litiasis biliar<\/strong><\/p><p style=\"text-align: justify;\">muy com\u00fan en la poblaci\u00f3n femenina, se detecta cuando la paciente presenta dolor tipo c\u00f3lico despu\u00e9s de comer granos o grasas; ese tipo de alimentos se hacen prohibitivos para la paciente con litiasis biliar. El diagnostico se realiza con un estudio ultrasonogr\u00e1fico y el tratamiento consiste en sacar la ves\u00edcula enferma con las piedras. Actualmente el m\u00e9todo mas usado es la laparoscopia y es un procedimiento ambulatorio.<\/p><p style=\"text-align: justify;\"><strong>Varices<\/strong><\/p><p style=\"text-align: justify;\">Son las dilataciones patol\u00f3gicas y permanentes de las venas superficiales, son mas frecuente en los miembros inferiores, pero tambi\u00e9n pueden ser internas y pelvianas lo que convierte a esta patolog\u00eda en un calvario. Desde el punto de vista est\u00e9tico, las varices son elemento muy frecuente de consulta, actualmente existen una variedad de m\u00e9todos de tratamiento, nuestro grupo quir\u00fargico trata las varices de manera definitiva en sus inicios, cuando ya est\u00e1n presentes y sus complicaciones como es la ulcera varicosa.<\/p><p style=\"text-align: justify;\"><strong>Cervicitis y vaginitis<\/strong><\/p><p style=\"text-align: justify;\">los \u00f3rganos reproductores femeninos internos como el cuello uterino y la vagina presentan una variada patolog\u00eda que va desde la benigna hasta la maligna, no respeta edad o condici\u00f3n social, raza ni credo religioso, la mejor manera de estar pendiente es la realizaci\u00f3n de la consulta ginecol\u00f3gica control y la notificaci\u00f3n a un medico de cualquier lesi\u00f3n o anormalidad que aparezca en esas zonas. Disponemos de especialistas en cuello uterino y lesiones vaginales. Los tratamientos para estas lesiones son ambulatorios.<\/p><p style=\"text-align: justify;\"><strong>M\u00e9todos anticonceptivos<\/strong><\/p><p style=\"text-align: justify;\">antes de tocar el embarazo es\u00a0 conveniente tocar el tema de anticoncepci\u00f3n, los m\u00e9todos pueden ser variados se clasifican en temporales, definitivos, de barrera, qu\u00edmicos etc. Los que recomendamos en nuestros consultorios son los m\u00e9todos ambulatorios como son las pastillas anticonceptivas y los implantes hormonales, el dispositivo intrauterino y\u00a0la esterilizaci\u00f3n quir\u00fargica (ligadura de trompas), fuera de estos m\u00e9todos las posibilidades de embarazo son altas. El procedimiento para la colocaci\u00f3n de implantes, diu o esterilizaci\u00f3n es ambulatorio y de muy bajo costo.<\/p><p style=\"text-align: justify;\">\u00a0<\/p><p style=\"text-align: justify;\">\u00a0<\/p><\/div>\t\t\t\t\t\t\t\t<\/div>\n\t\t\t\t<\/div>\n\t\t\t\t\t<\/div>\n\t\t<\/div>\n\t\t\t\t\t<\/div>\n\t\t<\/section>\n\t\t\t\t<\/div>\n\t\t","protected":false},"excerpt":{"rendered":"<p>Embarazo El regalo de la naturaleza, la maternidad, nueve meses de gestaci\u00f3n y luego un reci\u00e9n nacido, y para el post parto la cirug\u00eda reconstructiva ofrece lipoescultura, pexias mamarias, retoque de cicatriz y la mas completa atenci\u00f3n del parto o ces\u00e1rea. . . La\u00a0 patolog\u00eda femenina es extensa y muy variada, tocaremos en este aparte [&hellip;]<\/p>\n","protected":false},"author":1,"featured_media":0,"parent":0,"menu_order":0,"comment_status":"closed","ping_status":"closed","template":"","meta":{"footnotes":""},"class_list":["post-84","page","type-page","status-publish","hentry"],"jetpack_sharing_enabled":true,"rttpg_featured_image_url":null,"rttpg_author":{"display_name":"admin","author_link":"https:\/\/mislolas.com\/web2\/author\/admin\/"},"rttpg_comment":0,"rttpg_category":null,"rttpg_excerpt":"Embarazo El regalo de la naturaleza, la maternidad, nueve meses de gestaci\u00f3n y luego un reci\u00e9n nacido, y para el post parto la cirug\u00eda reconstructiva ofrece lipoescultura, pexias mamarias, retoque de cicatriz y la mas completa atenci\u00f3n del parto o ces\u00e1rea. . . La\u00a0 patolog\u00eda femenina es extensa y muy variada, tocaremos en este aparte&hellip;","_links":{"self":[{"href":"https:\/\/mislolas.com\/web2\/wp-json\/wp\/v2\/pages\/84","targetHints":{"allow":["GET"]}}],"collection":[{"href":"https:\/\/mislolas.com\/web2\/wp-json\/wp\/v2\/pages"}],"about":[{"href":"https:\/\/mislolas.com\/web2\/wp-json\/wp\/v2\/types\/page"}],"author":[{"embeddable":true,"href":"https:\/\/mislolas.com\/web2\/wp-json\/wp\/v2\/users\/1"}],"replies":[{"embeddable":true,"href":"https:\/\/mislolas.com\/web2\/wp-json\/wp\/v2\/comments?post=84"}],"version-history":[{"count":13,"href":"https:\/\/mislolas.com\/web2\/wp-json\/wp\/v2\/pages\/84\/revisions"}],"predecessor-version":[{"id":282,"href":"https:\/\/mislolas.com\/web2\/wp-json\/wp\/v2\/pages\/84\/revisions\/282"}],"wp:attachment":[{"href":"https:\/\/mislolas.com\/web2\/wp-json\/wp\/v2\/media?parent=84"}],"curies":[{"name":"wp","href":"https:\/\/api.w.org\/{rel}","templated":true}]}}