{"id":78,"date":"2022-08-11T17:03:09","date_gmt":"2022-08-11T17:03:09","guid":{"rendered":"https:\/\/mislolas.com\/web2\/?page_id=78"},"modified":"2024-03-07T00:03:48","modified_gmt":"2024-03-07T00:03:48","slug":"cirugia-intima","status":"publish","type":"page","link":"https:\/\/mislolas.com\/web2\/cirugia-intima\/","title":{"rendered":"Cirug\u00eda \u00cdntima"},"content":{"rendered":"\t\t<div data-elementor-type=\"wp-page\" data-elementor-id=\"78\" class=\"elementor elementor-78\" data-elementor-settings=\"{&quot;ha_cmc_init_switcher&quot;:&quot;no&quot;}\" data-elementor-post-type=\"page\">\n\t\t\t\t\t\t<section class=\"elementor-section elementor-top-section elementor-element elementor-element-46390dfa elementor-section-boxed elementor-section-height-default elementor-section-height-default\" data-id=\"46390dfa\" data-element_type=\"section\" data-e-type=\"section\" data-settings=\"{&quot;background_background&quot;:&quot;classic&quot;,&quot;_ha_eqh_enable&quot;:false}\">\n\t\t\t\t\t\t<div class=\"elementor-container elementor-column-gap-default\">\n\t\t\t\t\t<div class=\"elementor-column elementor-col-100 elementor-top-column elementor-element elementor-element-1e99a6b2\" data-id=\"1e99a6b2\" data-element_type=\"column\" data-e-type=\"column\">\n\t\t\t<div class=\"elementor-widget-wrap elementor-element-populated\">\n\t\t\t\t\t\t<div class=\"elementor-element elementor-element-1207162d elementor-widget elementor-widget-text-editor\" data-id=\"1207162d\" data-element_type=\"widget\" data-e-type=\"widget\" data-widget_type=\"text-editor.default\">\n\t\t\t\t<div class=\"elementor-widget-container\">\n\t\t\t\t\t\t\t\t\t<h2 class=\"art-postheader\">Cirug\u00eda \u00cdntima<\/h2><div class=\"art-postcontent art-postcontent-0 clearfix\"><p style=\"text-align: justify;\"><strong>\u00bfQu\u00e9 es la cirug\u00eda pl\u00e1stica intima?<\/strong><\/p><p style=\"text-align: justify;\">Es un procedimiento quir\u00fargico que corrige y modifica alteraciones anat\u00f3micas de los \u00f3rganos sexuales externos de la mujer espec\u00edficamente la vulva, vagina y el perin\u00e9. Tambi\u00e9n se incluye a los \u00f3rganos masculinos que son susceptibles a alteraciones anat\u00f3micas en el conducto inguinal, pene y perin\u00e9. Adem\u00e1s en ambos sexos se incluye la regi\u00f3n del margen anal que tambi\u00e9n tiene alteraciones anat\u00f3micas.<\/p><p>\u00a0<\/p><p style=\"text-align: justify;\"><strong>\u00bfPor qu\u00e9 se producen estas alteraciones?<\/strong><\/p><p style=\"text-align: justify;\">Se puede agrupar estas alteraciones en dos grandes grupos: uno, cuando la persona no est\u00e1 a gusto con sus \u00f3rganos y el segundo cuando por alguna raz\u00f3n se produjo el da\u00f1o. En el primer caso puedo citar entre otras alteraciones: labios menores largos, presencia de verrugas, presencia de hernias. En el segundo casi siempre viene dado por el evento de la maternidad, el trabajo de parto genera desgarros y estallidos que al cicatrizar se convierten en defectos anat\u00f3micos.<\/p><p>\u00a0<\/p><p style=\"text-align: justify;\"><strong>\u00bfEn qu\u00e9 consiste la intervenci\u00f3n\u00a0 de cirug\u00eda intima?<\/strong><\/p><p style=\"text-align: justify;\">En eliminar la molestia que el paciente presenta sea porque no est\u00e1 a gusto o porque tiene un defecto evidente, cada edad tiene sus propios problemas, en los grupos j\u00f3venes se debe a inconformidad de la apariencia por defecto de los \u00f3rganos o por exceso de los mismos. En los adultos j\u00f3venes por traumatismos, consecuencias del ejercicio f\u00edsico no supervisado, desgarros en el trabajo de parto, mala cicatrizaci\u00f3n de la episiotom\u00eda (la episiotom\u00eda es la incisi\u00f3n que se hace inmediatamente al parto en la vagina y cuando se desgarra o cicatriza mal produce dolor en el acto sexual) la correcci\u00f3n de esta cicatriz mejora 100% estas molestias. Otro tratamiento es la resecci\u00f3n de los restos de hemorroides prolapsadas que dan mal aspecto al perin\u00e9. En grupos adultos consiste en restituir el piso perineal o dicho de otras palabras cerrar la vagina hasta dejarla de su tama\u00f1o fisiol\u00f3gico corrigiendo el principal problema asociado a esta alteraci\u00f3n que es \u201cla humedad\u201d\u00a0 \u00edntima indeseada (como existe una p\u00e9rdida de orine al esfuerzo, el perin\u00e9 se mantiene h\u00famedo y con olor a amon\u00edaco)<\/p><p>\u00a0<\/p><p style=\"text-align: justify;\"><strong>\u00bfEsta cirug\u00eda se considera mayor o menor?.<\/strong><\/p><p style=\"text-align: justify;\">Esta entre ambas definiciones, la mayor\u00eda se puede considerar como ambulatoria, pero requiere de anestesia general o sedaci\u00f3n profunda por la sensibilidad de la zona, no es costosa y en la relaci\u00f3n precio \/ beneficios la notable mejor\u00eda del paciente hace despreciable el costo.<\/p><p>\u00a0<\/p><p style=\"text-align: justify;\"><strong>\u00bfEsta cirug\u00eda contraindica o se pierde con el embarazo?<\/strong><\/p><p style=\"text-align: justify;\">No, en lo absoluto. El campo de los defectos vulvo perineales y ano perineales susceptibles a tratamiento cosm\u00e9tico no contraindican el embarazo. En cualquier caso si la reconstrucci\u00f3n se realiza en personas que desean tener hijos a posterior, existe la alternativa de la ces\u00e1rea. Sin embargo el paciente que requiere de reconstrucci\u00f3n perineal no est\u00e1 en los grupos de poblaci\u00f3n femenina fecundante a menos que sea un joven que padeci\u00f3 de un traumatismo vaginal.<\/p><p>\u00a0<\/p><p style=\"text-align: justify;\"><strong>\u00bfQu\u00e9 afecciones son las mas frecuentes?<\/strong><\/p><p style=\"text-align: justify;\">en la mujer: vulvas ca\u00eddas, tumores de los labios, labios menores muy largos (producen molestias y dolor al sentarse), orificio vaginal muy amplio, p\u00e9rdida de orina, presencia de masa en el perin\u00e9 (\u201ctumor en sus partes\u201d)<\/p><p style=\"text-align: justify;\">En el hombre: hernias, penes cubiertos por la piel, prepucio sangrante, (fimosis)<\/p><p style=\"text-align: justify;\">En ambos sexos: las hemorroides externas, las f\u00edstulas perianales (orificios que secretan materia f\u00e9tida).<\/p><p>\u00a0<\/p><p style=\"text-align: justify;\"><strong>\u00bfSe puede ser virgen nuevamente?<\/strong><\/p><p style=\"text-align: justify;\">t\u00e9cnicamente si\u00a1, es una intervenci\u00f3n sencilla y ambulatoria y que forma parte de toda conversaci\u00f3n de cirug\u00eda pl\u00e1stica \u00edntima.<\/p><p>\u00a0<\/p><p style=\"text-align: justify;\"><strong>\u00bfEs costosa la cirug\u00eda pl\u00e1stica intima?<\/strong><\/p><p style=\"text-align: justify;\">no, de ninguna manera, utilizando un lenguaje matem\u00e1tico, se puede decir que en la cirug\u00eda pl\u00e1stica \u00edntima, su costo es inversamente proporcional a los resultados; en otras palabras al notar los resultados y la satisfacci\u00f3n del procedimiento se tendr\u00e1 inmediatamente la reflexi\u00f3n de: \u00bfpor qu\u00e9 no lo hice antes? Por otro lado la cirug\u00eda casi en su totalidad es ambulatoria permitiendo que costos por hospitalizaci\u00f3n no se carguen a la cuenta, requiere de m\u00ednimo tratamiento post-operatorio, el paciente se puede reintegrar (salvo en algunos tratamientos) precoz a sus labores productivas. Una buena noticia es que actualmente la banca comercial, para beneficiar a sus clientes, ofrece cr\u00e9ditos para cirug\u00eda est\u00e9tica.<\/p><p style=\"text-align: justify;\">La realidad es que con menos del capital que muchos piensan seria el costo de la cirug\u00eda est\u00e9tica, la cirug\u00eda \u00edntima se puede realizar indistintamente de la edad del paciente.<\/p><p>\u00a0<\/p><h4 style=\"text-align: center;\"><strong>En conclusi\u00f3n: el monto es bajo, muy bajo<\/strong><\/h4><\/div>\t\t\t\t\t\t\t\t<\/div>\n\t\t\t\t<\/div>\n\t\t\t\t\t<\/div>\n\t\t<\/div>\n\t\t\t\t\t<\/div>\n\t\t<\/section>\n\t\t\t\t<\/div>\n\t\t","protected":false},"excerpt":{"rendered":"<p>Cirug\u00eda \u00cdntima \u00bfQu\u00e9 es la cirug\u00eda pl\u00e1stica intima? Es un procedimiento quir\u00fargico que corrige y modifica alteraciones anat\u00f3micas de los \u00f3rganos sexuales externos de la mujer espec\u00edficamente la vulva, vagina y el perin\u00e9. Tambi\u00e9n se incluye a los \u00f3rganos masculinos que son susceptibles a alteraciones anat\u00f3micas en el conducto inguinal, pene y perin\u00e9. Adem\u00e1s en [&hellip;]<\/p>\n","protected":false},"author":1,"featured_media":0,"parent":0,"menu_order":0,"comment_status":"closed","ping_status":"closed","template":"","meta":{"footnotes":""},"class_list":["post-78","page","type-page","status-publish","hentry"],"jetpack_sharing_enabled":true,"rttpg_featured_image_url":null,"rttpg_author":{"display_name":"admin","author_link":"https:\/\/mislolas.com\/web2\/author\/admin\/"},"rttpg_comment":0,"rttpg_category":null,"rttpg_excerpt":"Cirug\u00eda \u00cdntima \u00bfQu\u00e9 es la cirug\u00eda pl\u00e1stica intima? Es un procedimiento quir\u00fargico que corrige y modifica alteraciones anat\u00f3micas de los \u00f3rganos sexuales externos de la mujer espec\u00edficamente la vulva, vagina y el perin\u00e9. Tambi\u00e9n se incluye a los \u00f3rganos masculinos que son susceptibles a alteraciones anat\u00f3micas en el conducto inguinal, pene y perin\u00e9. Adem\u00e1s en&hellip;","_links":{"self":[{"href":"https:\/\/mislolas.com\/web2\/wp-json\/wp\/v2\/pages\/78","targetHints":{"allow":["GET"]}}],"collection":[{"href":"https:\/\/mislolas.com\/web2\/wp-json\/wp\/v2\/pages"}],"about":[{"href":"https:\/\/mislolas.com\/web2\/wp-json\/wp\/v2\/types\/page"}],"author":[{"embeddable":true,"href":"https:\/\/mislolas.com\/web2\/wp-json\/wp\/v2\/users\/1"}],"replies":[{"embeddable":true,"href":"https:\/\/mislolas.com\/web2\/wp-json\/wp\/v2\/comments?post=78"}],"version-history":[{"count":7,"href":"https:\/\/mislolas.com\/web2\/wp-json\/wp\/v2\/pages\/78\/revisions"}],"predecessor-version":[{"id":248,"href":"https:\/\/mislolas.com\/web2\/wp-json\/wp\/v2\/pages\/78\/revisions\/248"}],"wp:attachment":[{"href":"https:\/\/mislolas.com\/web2\/wp-json\/wp\/v2\/media?parent=78"}],"curies":[{"name":"wp","href":"https:\/\/api.w.org\/{rel}","templated":true}]}}