{"id":72,"date":"2022-08-11T17:01:47","date_gmt":"2022-08-11T17:01:47","guid":{"rendered":"https:\/\/mislolas.com\/web2\/?page_id=72"},"modified":"2024-03-07T00:04:05","modified_gmt":"2024-03-07T00:04:05","slug":"cirugia-en-hombres","status":"publish","type":"page","link":"https:\/\/mislolas.com\/web2\/cirugia-en-hombres\/","title":{"rendered":"Cirug\u00eda en Hombres"},"content":{"rendered":"\t\t<div data-elementor-type=\"wp-page\" data-elementor-id=\"72\" class=\"elementor elementor-72\" data-elementor-settings=\"{&quot;ha_cmc_init_switcher&quot;:&quot;no&quot;}\" data-elementor-post-type=\"page\">\n\t\t\t\t\t\t<section class=\"elementor-section elementor-top-section elementor-element elementor-element-17ad5ee8 elementor-section-boxed elementor-section-height-default elementor-section-height-default\" data-id=\"17ad5ee8\" data-element_type=\"section\" data-e-type=\"section\" data-settings=\"{&quot;background_background&quot;:&quot;classic&quot;,&quot;_ha_eqh_enable&quot;:false}\">\n\t\t\t\t\t\t<div class=\"elementor-container elementor-column-gap-default\">\n\t\t\t\t\t<div class=\"elementor-column elementor-col-100 elementor-top-column elementor-element elementor-element-14919402\" data-id=\"14919402\" data-element_type=\"column\" data-e-type=\"column\">\n\t\t\t<div class=\"elementor-widget-wrap elementor-element-populated\">\n\t\t\t\t\t\t<div class=\"elementor-element elementor-element-7d6e1d7d elementor-widget elementor-widget-text-editor\" data-id=\"7d6e1d7d\" data-element_type=\"widget\" data-e-type=\"widget\" data-widget_type=\"text-editor.default\">\n\t\t\t\t<div class=\"elementor-widget-container\">\n\t\t\t\t\t\t\t\t\t<h2 class=\"art-postheader\"><strong>Cirug\u00eda en Hombres<\/strong><\/h2><div class=\"art-postcontent art-postcontent-0 clearfix\"><p style=\"text-align: justify;\">De poco tiempo para esta fecha se ha incrementado el tratamiento est\u00e9tico en personas del sexo masculino, este tipo de tratamiento est\u00e9tico va desde el tratamiento para parpados y cara as\u00ed como tratamiento de implantes pectorales, implantes de ment\u00f3n y otros implantes, sin embargo la mayor cantidad de tratamientos tiene que ver con la cirug\u00eda reconstructiva o reparaci\u00f3n de defectos anat\u00f3micos<\/p><p style=\"text-align: justify;\">Entre los defectos para cirug\u00eda reconstructiva est\u00e1n las hernias, las cicatrices, lipoescultura y liposucci\u00f3n, hemorroides y fisuras anales, defectos en pies y quiz\u00e1s la intervenci\u00f3n mas solicitada: cura de la calvicie o implante de cabello<\/p><p style=\"text-align: justify;\">Tambi\u00e9n tenemos para tratamiento masculino la inyecci\u00f3n de toxina botul\u00ednica.<\/p><p>\u00a0<\/p><p style=\"text-align: justify;\"><strong><span style=\"text-decoration: underline;\">Ginecomastia<\/span>\u00a0<\/strong>es la presencia de tejido mamario en el hombre. Puede ser \u00fanica o en ambas tetillas. Es una patolog\u00eda frecuente en la pubertad y en el adulto joven; sin embargo, es necesario decir que en el periodo de despertar hormonal del adolescente, las tetillas de manera individual y cada en su momento, se inflama y duele de manera insidiosa y es motivo frecuente de consulta al medico general sin que esto sea ginecomastia. Esta molestia pasa sin tratamiento en cuesti\u00f3n de dos a tres semanas.<\/p><p style=\"text-align: justify;\">Cuando la tetilla en el hombre crece y se mantiene como una mama femenina, entonces se habla de ginecomastia y es de indicaci\u00f3n o tratamiento quir\u00fargico.<\/p><p style=\"text-align: justify;\">\u00a0<\/p><p style=\"text-align: justify;\"><span style=\"text-decoration: underline;\"><strong>Cirug\u00eda del pene\u00a0<\/strong><\/span>el \u00f3rgano copulador masculino y sus anexos pueden presentar m\u00faltiples alteraciones anat\u00f3micas y con consecuencias fisiol\u00f3gicas y laborales. La patolog\u00eda mas frecuente de la regi\u00f3n peneana es la fimosis o recubrimiento del glande o cabeza peneana por piel o capuch\u00f3n. Esta patolog\u00eda puede ser completa o parcial y es motivo de sangramiento y dolor durante las relaciones sexuales, se resuelve mediante una intervenci\u00f3n sencilla y ambulatoria. Otra patolog\u00eda frecuente es la hernia inguinal y los quistes de epid\u00eddimo. Tambi\u00e9n se presenta la presencia de bolsas escrotales vac\u00edas o falta del descenso del test\u00edculo, en estos casos colocamos pr\u00f3tesis en los escrotos, la uretra tambi\u00e9n puede estar fuera de lugar y el pene curvo o doblado (enfermedad de perionne).<\/p><\/div>\t\t\t\t\t\t\t\t<\/div>\n\t\t\t\t<\/div>\n\t\t\t\t\t<\/div>\n\t\t<\/div>\n\t\t\t\t\t<\/div>\n\t\t<\/section>\n\t\t\t\t<\/div>\n\t\t","protected":false},"excerpt":{"rendered":"<p>Cirug\u00eda en Hombres De poco tiempo para esta fecha se ha incrementado el tratamiento est\u00e9tico en personas del sexo masculino, este tipo de tratamiento est\u00e9tico va desde el tratamiento para parpados y cara as\u00ed como tratamiento de implantes pectorales, implantes de ment\u00f3n y otros implantes, sin embargo la mayor cantidad de tratamientos tiene que ver [&hellip;]<\/p>\n","protected":false},"author":1,"featured_media":0,"parent":0,"menu_order":0,"comment_status":"closed","ping_status":"closed","template":"","meta":{"footnotes":""},"class_list":["post-72","page","type-page","status-publish","hentry"],"jetpack_sharing_enabled":true,"rttpg_featured_image_url":null,"rttpg_author":{"display_name":"admin","author_link":"https:\/\/mislolas.com\/web2\/author\/admin\/"},"rttpg_comment":0,"rttpg_category":null,"rttpg_excerpt":"Cirug\u00eda en Hombres De poco tiempo para esta fecha se ha incrementado el tratamiento est\u00e9tico en personas del sexo masculino, este tipo de tratamiento est\u00e9tico va desde el tratamiento para parpados y cara as\u00ed como tratamiento de implantes pectorales, implantes de ment\u00f3n y otros implantes, sin embargo la mayor cantidad de tratamientos tiene que ver&hellip;","_links":{"self":[{"href":"https:\/\/mislolas.com\/web2\/wp-json\/wp\/v2\/pages\/72","targetHints":{"allow":["GET"]}}],"collection":[{"href":"https:\/\/mislolas.com\/web2\/wp-json\/wp\/v2\/pages"}],"about":[{"href":"https:\/\/mislolas.com\/web2\/wp-json\/wp\/v2\/types\/page"}],"author":[{"embeddable":true,"href":"https:\/\/mislolas.com\/web2\/wp-json\/wp\/v2\/users\/1"}],"replies":[{"embeddable":true,"href":"https:\/\/mislolas.com\/web2\/wp-json\/wp\/v2\/comments?post=72"}],"version-history":[{"count":7,"href":"https:\/\/mislolas.com\/web2\/wp-json\/wp\/v2\/pages\/72\/revisions"}],"predecessor-version":[{"id":251,"href":"https:\/\/mislolas.com\/web2\/wp-json\/wp\/v2\/pages\/72\/revisions\/251"}],"wp:attachment":[{"href":"https:\/\/mislolas.com\/web2\/wp-json\/wp\/v2\/media?parent=72"}],"curies":[{"name":"wp","href":"https:\/\/api.w.org\/{rel}","templated":true}]}}