{"id":66,"date":"2022-08-11T16:57:32","date_gmt":"2022-08-11T16:57:32","guid":{"rendered":"https:\/\/mislolas.com\/web2\/?page_id=66"},"modified":"2024-03-07T00:08:45","modified_gmt":"2024-03-07T00:08:45","slug":"celulitis-y-estrias","status":"publish","type":"page","link":"https:\/\/mislolas.com\/web2\/celulitis-y-estrias\/","title":{"rendered":"Celulitis y Estr\u00edas"},"content":{"rendered":"\t\t<div data-elementor-type=\"wp-page\" data-elementor-id=\"66\" class=\"elementor elementor-66\" data-elementor-settings=\"{&quot;ha_cmc_init_switcher&quot;:&quot;no&quot;}\" data-elementor-post-type=\"page\">\n\t\t\t\t\t\t<section class=\"elementor-section elementor-top-section elementor-element elementor-element-3a9dd69f elementor-section-boxed elementor-section-height-default elementor-section-height-default\" data-id=\"3a9dd69f\" data-element_type=\"section\" data-e-type=\"section\" data-settings=\"{&quot;background_background&quot;:&quot;classic&quot;,&quot;_ha_eqh_enable&quot;:false}\">\n\t\t\t\t\t\t<div class=\"elementor-container elementor-column-gap-default\">\n\t\t\t\t\t<div class=\"elementor-column elementor-col-100 elementor-top-column elementor-element elementor-element-7c6236ee\" data-id=\"7c6236ee\" data-element_type=\"column\" data-e-type=\"column\">\n\t\t\t<div class=\"elementor-widget-wrap elementor-element-populated\">\n\t\t\t\t\t\t<div class=\"elementor-element elementor-element-557763d4 elementor-widget elementor-widget-text-editor\" data-id=\"557763d4\" data-element_type=\"widget\" data-e-type=\"widget\" data-widget_type=\"text-editor.default\">\n\t\t\t\t<div class=\"elementor-widget-container\">\n\t\t\t\t\t\t\t\t\t<h2 class=\"art-postheader\">Celulitis y Estr\u00edas<\/h2><div class=\"art-postcontent art-postcontent-0 clearfix\"><p><strong>RADIOFRECUENCIA:<\/strong><\/p><p style=\"text-align: justify;\"><strong>\u00bfQu\u00e9 es?<\/strong><br \/>La radiofrecuencia, sistema de uso terap\u00e9utico conocido en cirug\u00eda desde hace a\u00f1os (electro bistur\u00ed, coagulaci\u00f3n, diatermia, etc.) que consiste en una serie de radiaciones electromagn\u00e9ticas que oscilan simult\u00e1neamente en el campo el\u00e9ctrico y magn\u00e9tico; ha ampliado en la actualidad su uso al campo de la est\u00e9tica, como nueva alternativa terap\u00e9utica para la celulitis y flacidez corporal, la conocida radiofrecuencia para celulitis y flacidez.<\/p><p style=\"text-align: justify;\">Este tratamiento es ideal para las personas que no quieren someterse a una operaci\u00f3n y como complemento a una liposucci\u00f3n.<br \/>La radiofrecuencia es un m\u00e9todo avanzado para mejorar la laxitud de la piel, sin incisiones ni periodo de recuperaci\u00f3n, tratamiento ideal para aquellas personas que presentan una ligera flacidez en la piel de la cara y cuello (papada), pero que a\u00fan no necesitan realizar un lifting quir\u00fargico; aunque tambi\u00e9n puede ser aplicada para reducir la flacidez que se presenta en otras localizaciones, como la parte interna de los brazos y los muslos, abdomen, espalda (rollos sub escapulares o alas), manos (mayores de 60 a\u00f1os), nalgas; y para el tratamiento de la regi\u00f3n peri ocular obteniendo el m\u00e1ximo de resultado con la combinaci\u00f3n de erbio l\u00e1ser.<\/p><p style=\"text-align: justify;\"><br \/>La radiofrecuencia puede combinarse con otras t\u00e9cnicas como luz pulsada intensa, y ERBIO LASER, que mejoran la textura de la piel, elimina estr\u00edas y rejuvenece la piel eliminando tambi\u00e9n cicatriz y manchas y las peque\u00f1as manchas y venitas de la cara, con peelings qu\u00edmicos, rellenos, botox\u2026, que deben ser realizados en diferentes tiempos y con una secuencia programada para conseguir un rejuvenecimiento facial integral. Una vez culminadas las sesiones de tratamiento (06) seis en promedio, solo requiere de una sesi\u00f3n cada 2 meses para mantener en el tiempo, los logros del tratamiento intensivo.<\/p><p style=\"text-align: justify;\">\u00a0<\/p><p style=\"text-align: justify;\"><strong>\u00bfCOMO ES SU TRATAMIENTO?<\/strong><br \/>Se trata de una t\u00e9cnica que consiste en aplicar energ\u00eda a trav\u00e9s de la superficie de la dermis, mediante un calentamiento profundo y controlado que afecta a la piel y al tejido celular subcut\u00e1neo, provocando una serie de reacciones que favorecen:<br \/>&#8211; La mejor circulaci\u00f3n de la piel y tejido subcut\u00e1neo, que mejorar\u00e1 el metabolismo con la consiguiente disminuci\u00f3n del aspecto de la piel de naranja y de la flacidez, produci\u00e9ndose al mismo tiempo una reducci\u00f3n volum\u00e9trica del \u00e1rea tratada.<br \/>&#8211; El drenaje linf\u00e1tico, que permitir\u00e1 disminuir los l\u00edquidos y las toxinas en el que se encuentran suspendidos los adipocitos del tejido afectado de celulitis.<br \/>&#8211; La formaci\u00f3n de nuevo col\u00e1geno, al elevar la temperatura de los fibroblastos, c\u00e9lulas encargadas de su fabricaci\u00f3n; tanto en la piel como en el tejido subcut\u00e1neo, permitiendo que todo el tejido adquiera firmeza gracias a la reorganizaci\u00f3n de los septos fibrosos y engrosamiento d\u00e9rmico suprayacente.<br \/>&#8211; La migraci\u00f3n de fibroblastos que acompa\u00f1a a la respuesta inflamatoria tras la lesi\u00f3n t\u00e9rmica controlada con retracci\u00f3n del tejido y que da como resultado un rejuvenecimiento de la zona tratada.<br \/>La gran ventaja y novedad que presentan los tratamientos no abrasivos como la radiofrecuencia es que respetan la epidermis, con m\u00ednimo enrojecimiento la piel, sin da\u00f1ar su capa externa.<br \/>Procedimiento y sesiones de la radiofrecuencia<br \/>La radiofrecuencia genera un campo el\u00e9ctrico que cambia de positivo a negativo, lo que causa un movimiento rotacional de las mol\u00e9culas que genera calor.<\/p><p style=\"text-align: justify;\">\u00a0<\/p><p style=\"text-align: justify;\"><strong>LA RADIOFRECUENCIA DE TERCERA GENERACION.<\/strong><br \/>Combina los dos sistemas anteriores de radiofrecuencia utilizados; la Bipolar, que provoca un calentamiento superficial de la piel, y la Unipolar, que produce un calentamiento en la parte m\u00e1s profunda de la dermis actuando sobre el tejido adiposo. Dado que el aparato de radiofrecuencia tiene cabezales, se podr\u00e1 aplicar la energ\u00eda a distintas profundidades, y as\u00ed tratar distintos tipos de celulitis, y tambi\u00e9n la laxitud facial y de otras \u00e1reas.\u00a0<br \/>El procedimiento es sencillo, y, previo a la sesi\u00f3n, se toman fotos y se marca la zona con un rotulador quir\u00fargico. Posteriormente se aplica sobre la piel limpia un aceite y se aplica la energ\u00eda introduci\u00e9ndola por medio de un cabezal de tratamiento que se mueve constantemente sobre la piel, evitando as\u00ed lesiones como abrasiones y quemaduras en la piel.<br \/>Una vez terminada la sesi\u00f3n se aplica gel de aloe vera o protector solar en las zonas tratadas, recomend\u00e1ndose beber abundante agua tras la sesi\u00f3n, ya que ayudar\u00e1 al resultado final. La gran ventaja de tratar la flacidez con radiofrecuencia es que se puede continuar con una vida social normal inmediatamente despu\u00e9s del tratamiento, e incluso no est\u00e1 contraindicado tomar el sol, siempre que sea con una protecci\u00f3n adecuada.<br \/>La duraci\u00f3n del tratamiento es variable dependiendo del \u00e1rea a tratar, entre los 06y 30 minutos entre zonas peque\u00f1as como cara, y amplias como los muslos.<br \/>El n\u00famero de sesiones necesarias es variable y va a depender del estado de cada paciente y el nivel de exigencia del mismo, pero se consideran necesarias entre 5 y 6 en facial (para la papada), y entre 6 y 9 en tratamientos corporales.<br \/>El procedimiento es bien tolerado y no precisa anestesia, ya que s\u00f3lo se siente calor y, s\u00f3lo las personas con celulitis muy dolorosas, pueden llegar a sentir un poco de dolor a la fricci\u00f3n del cabezal en ciertas zonas.<\/p><p style=\"text-align: justify;\">\u00a0<\/p><p style=\"text-align: justify;\"><strong>RESULTADOS DE LA RADIOFRECUENCIA<\/strong><br \/>El efecto inmediato de la aplicaci\u00f3n de radiofrecuencia es la retracci\u00f3n del col\u00e1geno, con m\u00e1s o menos rapidez seg\u00fan los casos pero, lo que se pretende conseguir gradualmente es la reestructuraci\u00f3n del col\u00e1geno profundo, con la formaci\u00f3n de nuevas fibras que sustituyan a las envejecidas y hagan los tejidos m\u00e1s el\u00e1sticos y favorezcan la homeostasis consigui\u00e9ndose as\u00ed una piel m\u00e1s tersa y una evidente reducci\u00f3n de arrugas y flacidez.<br \/>El efecto de tensi\u00f3n se aprecia de una forma gradual y progresiva a partir del mes del tratamiento, aunque el proceso depende del estado en el que se encuentre el col\u00e1geno de la persona, entre los dos y cuatro meses posteriores al tratamiento, con resultados suelen durar aproximadamente dos a\u00f1os.<br \/>Puede tambi\u00e9n realizarse una sesi\u00f3n de mantenimiento pasados un par de meses, cuando m\u00e9dico y paciente lo consideren necesario.<\/p><p style=\"text-align: justify;\">\u00a0<\/p><p style=\"text-align: justify;\"><strong>RADIOFRECUENCIA Y OTROS TRATAMIENTOS LIPO-DERMO-PLASTICOS<\/strong><br \/>El procedimiento de la aplicaci\u00f3n de Radiofrecuencia 3G, complementa de manera total y absoluta tratamientos sobre el tejido graso como son: hidrolipoclasia, masajes reductores, drenaje linf\u00e1tico, endermologie, lipoescultura en general y mini-lipos, dermolipectom\u00eda: Su acci\u00f3n est\u00e1 asociada a la compresi\u00f3n y estimulaci\u00f3n de los adipocitos as\u00ed como a la estimulaci\u00f3n de tejido conjuntivo de soporte (col\u00e1geno).<\/p><p style=\"text-align: justify;\">\u00a0<\/p><p style=\"text-align: justify;\"><strong>POSIBLES EFECTOS SECUNDARIOS Y CONTRAINDICACIONES DE LA RADIOFRECUENCIA<\/strong><br \/>Al terminar el tratamiento se presentar\u00e1 un ligero enrojecimiento o edema que desaparecer\u00e1 en un corto periodo de tiempo. Pocas veces se produce alguna peque\u00f1a equimosis en zonas de fragilidad capilar.<br \/>La radiofrecuencia est\u00e1 contraindicada en los casos de embarazo y lactancia, cardiopat\u00edas graves, alteraciones de la coagulaci\u00f3n, enfermedades del tejido conectivo y neuromusculares, c\u00e1ncer, implantes de col\u00e1geno recientes, pacientes portadores de pr\u00f3tesis met\u00e1licas, marcapasos, desfibriladores o cardioversores, o casos de sobrepeso importante.<br \/>Este tratamiento debe estar asociado a una buena ingesta de alimentos y el ejercicio f\u00edsico para que mantenga su efectividad en el tiempo.<\/p><p style=\"text-align: justify;\">\u00a0<\/p><p style=\"text-align: justify;\"><strong>BENEFICIOS DEL TRATAMIENTO CON LASER DE EBRIO<\/strong><br \/>La Administraci\u00f3n de Drogas y Alimentos (FDA) ha reconocido al rejuvenecimiento cut\u00e1neo con l\u00e1ser de erbio como seguro y eficaz para el tratamiento de l\u00edneas finas, estr\u00edas, lesiones descamativas, y arrugas moderadas. Los pacientes que se han sometido al rejuvenecimiento cut\u00e1neo con l\u00e1ser para mejorar su aspecto y aumentar la confianza en s\u00ed mismos, gozan ahora de una piel notablemente mejorada, m\u00e1s lisa y de aspecto m\u00e1s joven. Tambi\u00e9n se ha demostrado que el rejuvenecimiento cut\u00e1neo con l\u00e1ser de erbio estimula la producci\u00f3n de col\u00e1geno que, a su vez, suaviza y estira la piel.<\/p><p style=\"text-align: justify;\">Como todo l\u00e1ser, la versatilidad lo da la longitud de onda, en el caso de erbio l\u00e1ser los par\u00e1metros definidos en su onda como: energ\u00eda, frecuencia y duraci\u00f3n del pulso, asociado a su afinidad por el agua, permite un excelente resultado en el m\u00e1s amplio margen de seguridad. Su caracter\u00edstica principal radica en el control de penetraci\u00f3n que dispone el equipo, lo cual lo caracteriza como un estimulador del tejido conectivo (col\u00e1geno); realizando los dos efectos buscados: tensado de la piel y renovaci\u00f3n del col\u00e1geno.<br \/>Su gran afinidad por el agua garantiza que no penetre capas mas profundas de la piel generando da\u00f1os profundo y manteniendo un control superficial de los efectos buscados.<\/p><p style=\"text-align: justify;\">\u00a0<\/p><p style=\"text-align: justify;\"><strong>\u00bfCOMO ACTUA EL REJUVENECIMIENTO CON LASER DE ERBIO?<\/strong><br \/>El rejuvenecimiento cut\u00e1neo con l\u00e1ser de erbio hace una ablaci\u00f3n precisa de la epidermis (la capa m\u00e1s externa de la piel) y deja al descubierto la piel subyacente, m\u00e1s lisa y de aspecto m\u00e1s joven. Este procedimiento tambi\u00e9n activa el col\u00e1geno, de manera que se estimula el estiramiento de la piel. El tratamiento de rejuvenecimiento cut\u00e1neo con l\u00e1ser de erbio se realiza como procedimiento ambulatorio, con anestesia local no infiltrativa. Es el tratamiento de elecci\u00f3n para quienes desean lograr una mejor\u00eda trascendental en el aspecto de su piel. Este procedimiento elimina con \u00e9xito las l\u00edneas superficiales y las arrugas moderadamente profundas con menos dolor, menos efectos secundarios y una recuperaci\u00f3n m\u00e1s r\u00e1pida que otros tratamientos. El l\u00e1ser de erbio constituye una opci\u00f3n de tratamiento m\u00e1s suave y menos invasiva que el l\u00e1ser de di\u00f3xido de carbono (CO2). Con el l\u00e1ser de CO2 pueden eliminarse capas m\u00e1s profundas de piel da\u00f1ada que con el l\u00e1ser de erbio. Sin embargo, el tratamiento con el l\u00e1ser de erbio ofrece una excelente alternativa para aquellas personas cuya piel no est\u00e1 tan da\u00f1ada o que, sencillamente, prefieren que la recuperaci\u00f3n tras el rejuvenecimiento cut\u00e1neo con l\u00e1ser sea m\u00e1s r\u00e1pida.<\/p><p style=\"text-align: justify;\"><strong>Candidatos para el rejuvenecimiento cut\u00e1neo con l\u00e1ser de erbio<\/strong><br \/>Son candidatos para el rejuvenecimiento cut\u00e1neo con l\u00e1ser de erbio aquellas personas que buscan corregir l\u00edneas finas y arrugas del rostro, cuello, espalda, pecho o manos. Estr\u00edas en general y en cualquier parte del cuerpo. Lesiones de piel, cicatrices en general y de acn\u00e9. En general, el tratamiento de rejuvenecimiento con l\u00e1ser de erbio es accesible para una gran variedad de personas que tengan como objetivo: verse m\u00e1s j\u00f3venes y renovados; sin embargo, sus expectativas deber\u00e1n ser realistas. Si bien el rejuvenecimiento cut\u00e1neo con l\u00e1ser de erbio proporciona resultados incre\u00edbles, ser\u00e1 necesario que el m\u00e9dico explique detalladamente cu\u00e1les son los resultados previstos y que el paciente los comprenda claramente.<\/p><p style=\"text-align: justify;\">Otro grupo de candidatos para el erbio l\u00e1ser son los pacientes que reciben o han recibido tratamiento de Radiofrecuencia 3ra Generaci\u00f3n como complemento de la acci\u00f3n de ambos equipos.<\/p><p style=\"text-align: justify;\">\u00a0<\/p><p style=\"text-align: justify;\"><strong>\u00bfES SEGURO EL TRATAMIENTO CON LASER DE ERBIO?<\/strong><br \/>Aun cuando el rejuvenecimiento cut\u00e1neo con l\u00e1ser de erbio ofrece un tratamiento altamente eficaz para las l\u00edneas finas y las arrugas, con un per\u00edodo de recuperaci\u00f3n m\u00e1s breve y menos efectos secundarios, quienes reciban el tratamiento deber\u00e1n estar preparados para que su piel se enrojezca o se torne rosada despu\u00e9s del procedimiento. Tambi\u00e9n puede haber inflamaci\u00f3n. Normalmente, el cirujano o m\u00e9dico tratante, le administrar\u00e1 medicaci\u00f3n e instrucciones detalladas para los cuidados posteriores, a fin de ayudarlo a sentirse menos molesto y para que la recuperaci\u00f3n resulte lo m\u00e1s beneficiosa posible.<\/p><\/div>\t\t\t\t\t\t\t\t<\/div>\n\t\t\t\t<\/div>\n\t\t\t\t\t<\/div>\n\t\t<\/div>\n\t\t\t\t\t<\/div>\n\t\t<\/section>\n\t\t\t\t<\/div>\n\t\t","protected":false},"excerpt":{"rendered":"<p>Celulitis y Estr\u00edas RADIOFRECUENCIA: \u00bfQu\u00e9 es?La radiofrecuencia, sistema de uso terap\u00e9utico conocido en cirug\u00eda desde hace a\u00f1os (electro bistur\u00ed, coagulaci\u00f3n, diatermia, etc.) que consiste en una serie de radiaciones electromagn\u00e9ticas que oscilan simult\u00e1neamente en el campo el\u00e9ctrico y magn\u00e9tico; ha ampliado en la actualidad su uso al campo de la est\u00e9tica, como nueva alternativa terap\u00e9utica [&hellip;]<\/p>\n","protected":false},"author":1,"featured_media":0,"parent":0,"menu_order":0,"comment_status":"closed","ping_status":"open","template":"","meta":{"footnotes":""},"class_list":["post-66","page","type-page","status-publish","hentry"],"jetpack_sharing_enabled":true,"rttpg_featured_image_url":null,"rttpg_author":{"display_name":"admin","author_link":"https:\/\/mislolas.com\/web2\/author\/admin\/"},"rttpg_comment":0,"rttpg_category":null,"rttpg_excerpt":"Celulitis y Estr\u00edas RADIOFRECUENCIA: \u00bfQu\u00e9 es?La radiofrecuencia, sistema de uso terap\u00e9utico conocido en cirug\u00eda desde hace a\u00f1os (electro bistur\u00ed, coagulaci\u00f3n, diatermia, etc.) que consiste en una serie de radiaciones electromagn\u00e9ticas que oscilan simult\u00e1neamente en el campo el\u00e9ctrico y magn\u00e9tico; ha ampliado en la actualidad su uso al campo de la est\u00e9tica, como nueva alternativa terap\u00e9utica&hellip;","_links":{"self":[{"href":"https:\/\/mislolas.com\/web2\/wp-json\/wp\/v2\/pages\/66","targetHints":{"allow":["GET"]}}],"collection":[{"href":"https:\/\/mislolas.com\/web2\/wp-json\/wp\/v2\/pages"}],"about":[{"href":"https:\/\/mislolas.com\/web2\/wp-json\/wp\/v2\/types\/page"}],"author":[{"embeddable":true,"href":"https:\/\/mislolas.com\/web2\/wp-json\/wp\/v2\/users\/1"}],"replies":[{"embeddable":true,"href":"https:\/\/mislolas.com\/web2\/wp-json\/wp\/v2\/comments?post=66"}],"version-history":[{"count":7,"href":"https:\/\/mislolas.com\/web2\/wp-json\/wp\/v2\/pages\/66\/revisions"}],"predecessor-version":[{"id":266,"href":"https:\/\/mislolas.com\/web2\/wp-json\/wp\/v2\/pages\/66\/revisions\/266"}],"wp:attachment":[{"href":"https:\/\/mislolas.com\/web2\/wp-json\/wp\/v2\/media?parent=66"}],"curies":[{"name":"wp","href":"https:\/\/api.w.org\/{rel}","templated":true}]}}