{"id":36,"date":"2022-08-11T16:36:43","date_gmt":"2022-08-11T16:36:43","guid":{"rendered":"https:\/\/mislolas.com\/web2\/?page_id=36"},"modified":"2024-03-07T00:04:48","modified_gmt":"2024-03-07T00:04:48","slug":"abdomen","status":"publish","type":"page","link":"https:\/\/mislolas.com\/web2\/abdomen\/","title":{"rendered":"Abdomen"},"content":{"rendered":"\t\t<div data-elementor-type=\"wp-page\" data-elementor-id=\"36\" class=\"elementor elementor-36\" data-elementor-settings=\"{&quot;ha_cmc_init_switcher&quot;:&quot;no&quot;}\" data-elementor-post-type=\"page\">\n\t\t\t\t\t\t<section class=\"elementor-section elementor-top-section elementor-element elementor-element-83f60db elementor-section-boxed elementor-section-height-default elementor-section-height-default\" data-id=\"83f60db\" data-element_type=\"section\" data-e-type=\"section\" data-settings=\"{&quot;background_background&quot;:&quot;classic&quot;,&quot;_ha_eqh_enable&quot;:false}\">\n\t\t\t\t\t\t<div class=\"elementor-container elementor-column-gap-default\">\n\t\t\t\t\t<div class=\"elementor-column elementor-col-100 elementor-top-column elementor-element elementor-element-fc89fd0\" data-id=\"fc89fd0\" data-element_type=\"column\" data-e-type=\"column\">\n\t\t\t<div class=\"elementor-widget-wrap elementor-element-populated\">\n\t\t\t\t\t\t<div class=\"elementor-element elementor-element-ea0082a elementor-widget elementor-widget-text-editor\" data-id=\"ea0082a\" data-element_type=\"widget\" data-e-type=\"widget\" data-widget_type=\"text-editor.default\">\n\t\t\t\t<div class=\"elementor-widget-container\">\n\t\t\t\t\t\t\t\t\t<h2 class=\"art-postheader\">Abdomen<\/h2><div class=\"art-postcontent art-postcontent-0 clearfix\"><p style=\"text-align: justify;\">La patolog\u00eda del abdomen viene dada por defectos de tipo anat\u00f3micos y como consecuencia de tratamientos quir\u00fargicos previos. Tambi\u00e9n es consecuencia de perder peso muy r\u00e1pidamente y como consecuencia de los embarazos.<\/p><p style=\"text-align: justify;\">Entre los defectos de la pared abdominal que son susceptibles a tratar con cirug\u00eda est\u00e9tica son:<\/p><ul style=\"text-align: justify;\"><li>Las estr\u00edas del embarazo.<\/li><li>Las cicatriz post operatorias de ces\u00e1reas o intervenciones de la ves\u00edcula.<\/li><li>Una patolog\u00eda muy frecuente es el abdomen en \u201cquilla de barco\u201d tambi\u00e9n denominada diastasis de rectos abdominales.<\/li><\/ul><p>.<\/p><p style=\"text-align: justify;\">La patolog\u00eda abdominal se caracteriza por flacidez en la pared, se presenta la piel como \u201cun delantal\u201d, se pueden tomar con los dedos de la mano los pliegues del abdomen, otra forma es la presencia de tumores o pelotas en la pared, las denominadas hernias tanto anat\u00f3micas como post-operatorias.\u00a0 Esta patolog\u00eda no se resuelve como muchas personas creen, con el tratamiento de liposucci\u00f3n o lipoescultura; la manera de resolver esta patolog\u00eda es realzando una intervenci\u00f3n sobre la pared abdominal denominada dermolipectom\u00eda, esa operaci\u00f3n permite en aproximadamente dos horas de operaci\u00f3n darle una verdadera sustentaci\u00f3n a la pared abdominal y dejar \u201c en talla\u201d al paciente.<\/p><p style=\"text-align: justify;\">Tampoco es una intervenci\u00f3n para perder peso y parece ser que es la principal idea que tienen las personas de la intervenci\u00f3n dermolipectom\u00eda.<\/p><p style=\"text-align: justify;\">El tratamiento sobre la pared abdominal solo es efectivo y deja resultados excelentes si esta bien indicado y no como medida extrema de perder peso.<\/p><p style=\"text-align: justify;\">Siempre recomendamos a nuestros pacientes antes de realizar la intervenci\u00f3n de dermolipectom\u00eda que tengan a mano una evaluaci\u00f3n de los \u00f3rganos internos a fin de realizar cualquier tratamiento quir\u00fargico adicional en el mismo acto operatorio.<\/p><p style=\"text-align: justify;\">Esta intervenci\u00f3n se puede realizar varias veces y se pierde con el embarazo y con el aumento de peso.<\/p><\/div>\t\t\t\t\t\t\t\t<\/div>\n\t\t\t\t<\/div>\n\t\t\t\t\t<\/div>\n\t\t<\/div>\n\t\t\t\t\t<\/div>\n\t\t<\/section>\n\t\t\t\t<\/div>\n\t\t","protected":false},"excerpt":{"rendered":"<p>Abdomen La patolog\u00eda del abdomen viene dada por defectos de tipo anat\u00f3micos y como consecuencia de tratamientos quir\u00fargicos previos. Tambi\u00e9n es consecuencia de perder peso muy r\u00e1pidamente y como consecuencia de los embarazos. Entre los defectos de la pared abdominal que son susceptibles a tratar con cirug\u00eda est\u00e9tica son: Las estr\u00edas del embarazo. Las cicatriz [&hellip;]<\/p>\n","protected":false},"author":1,"featured_media":15,"parent":0,"menu_order":0,"comment_status":"closed","ping_status":"open","template":"","meta":{"footnotes":""},"class_list":["post-36","page","type-page","status-publish","has-post-thumbnail","hentry"],"jetpack_sharing_enabled":true,"rttpg_featured_image_url":{"full":["https:\/\/i0.wp.com\/mislolas.com\/web2\/wp-content\/uploads\/2022\/08\/header-copia.jpg?fit=1200%2C337&ssl=1",1200,337,false],"landscape":["https:\/\/mislolas.com\/web2\/wp-content\/uploads\/2022\/08\/header-copia.jpg",1200,337,false],"portraits":["https:\/\/mislolas.com\/web2\/wp-content\/uploads\/2022\/08\/header-copia.jpg",1200,337,false],"thumbnail":["https:\/\/i0.wp.com\/mislolas.com\/web2\/wp-content\/uploads\/2022\/08\/header-copia.jpg?resize=150%2C150&ssl=1",150,150,true],"medium":["https:\/\/i0.wp.com\/mislolas.com\/web2\/wp-content\/uploads\/2022\/08\/header-copia.jpg?fit=300%2C84&ssl=1",300,84,true],"large":["https:\/\/i0.wp.com\/mislolas.com\/web2\/wp-content\/uploads\/2022\/08\/header-copia.jpg?fit=800%2C225&ssl=1",800,225,true],"1536x1536":["https:\/\/i0.wp.com\/mislolas.com\/web2\/wp-content\/uploads\/2022\/08\/header-copia.jpg?fit=1200%2C337&ssl=1",1200,337,true],"2048x2048":["https:\/\/i0.wp.com\/mislolas.com\/web2\/wp-content\/uploads\/2022\/08\/header-copia.jpg?fit=1200%2C337&ssl=1",1200,337,true]},"rttpg_author":{"display_name":"admin","author_link":"https:\/\/mislolas.com\/web2\/author\/admin\/"},"rttpg_comment":0,"rttpg_category":null,"rttpg_excerpt":"Abdomen La patolog\u00eda del abdomen viene dada por defectos de tipo anat\u00f3micos y como consecuencia de tratamientos quir\u00fargicos previos. Tambi\u00e9n es consecuencia de perder peso muy r\u00e1pidamente y como consecuencia de los embarazos. Entre los defectos de la pared abdominal que son susceptibles a tratar con cirug\u00eda est\u00e9tica son: Las estr\u00edas del embarazo. Las cicatriz&hellip;","_links":{"self":[{"href":"https:\/\/mislolas.com\/web2\/wp-json\/wp\/v2\/pages\/36","targetHints":{"allow":["GET"]}}],"collection":[{"href":"https:\/\/mislolas.com\/web2\/wp-json\/wp\/v2\/pages"}],"about":[{"href":"https:\/\/mislolas.com\/web2\/wp-json\/wp\/v2\/types\/page"}],"author":[{"embeddable":true,"href":"https:\/\/mislolas.com\/web2\/wp-json\/wp\/v2\/users\/1"}],"replies":[{"embeddable":true,"href":"https:\/\/mislolas.com\/web2\/wp-json\/wp\/v2\/comments?post=36"}],"version-history":[{"count":13,"href":"https:\/\/mislolas.com\/web2\/wp-json\/wp\/v2\/pages\/36\/revisions"}],"predecessor-version":[{"id":257,"href":"https:\/\/mislolas.com\/web2\/wp-json\/wp\/v2\/pages\/36\/revisions\/257"}],"wp:featuredmedia":[{"embeddable":true,"href":"https:\/\/mislolas.com\/web2\/wp-json\/wp\/v2\/media\/15"}],"wp:attachment":[{"href":"https:\/\/mislolas.com\/web2\/wp-json\/wp\/v2\/media?parent=36"}],"curies":[{"name":"wp","href":"https:\/\/api.w.org\/{rel}","templated":true}]}}