{"id":115,"date":"2022-08-11T17:17:37","date_gmt":"2022-08-11T17:17:37","guid":{"rendered":"https:\/\/mislolas.com\/web2\/?page_id=115"},"modified":"2024-03-07T00:02:36","modified_gmt":"2024-03-07T00:02:36","slug":"obesidad","status":"publish","type":"page","link":"https:\/\/mislolas.com\/web2\/obesidad\/","title":{"rendered":"Obesidad"},"content":{"rendered":"\t\t<div data-elementor-type=\"wp-page\" data-elementor-id=\"115\" class=\"elementor elementor-115\" data-elementor-settings=\"{&quot;ha_cmc_init_switcher&quot;:&quot;no&quot;}\" data-elementor-post-type=\"page\">\n\t\t\t\t\t\t<section class=\"elementor-section elementor-top-section elementor-element elementor-element-71139973 elementor-section-boxed elementor-section-height-default elementor-section-height-default\" data-id=\"71139973\" data-element_type=\"section\" data-e-type=\"section\" data-settings=\"{&quot;background_background&quot;:&quot;classic&quot;,&quot;_ha_eqh_enable&quot;:false}\">\n\t\t\t\t\t\t<div class=\"elementor-container elementor-column-gap-default\">\n\t\t\t\t\t<div class=\"elementor-column elementor-col-100 elementor-top-column elementor-element elementor-element-17abde42\" data-id=\"17abde42\" data-element_type=\"column\" data-e-type=\"column\">\n\t\t\t<div class=\"elementor-widget-wrap elementor-element-populated\">\n\t\t\t\t\t\t<div class=\"elementor-element elementor-element-42deedf2 elementor-widget elementor-widget-text-editor\" data-id=\"42deedf2\" data-element_type=\"widget\" data-e-type=\"widget\" data-widget_type=\"text-editor.default\">\n\t\t\t\t<div class=\"elementor-widget-container\">\n\t\t\t\t\t\t\t\t\t<h2 class=\"art-postheader\">Obesidad<\/h2><div class=\"art-postcontent art-postcontent-0 clearfix\"><p style=\"text-align: justify;\">El aumento de peso que sobre pase el 30% del peso ideal para una persona es considerado obesidad m\u00f3rbida. Ahora bien un aumento del 10% sobre el peso ideal ya es considerado obesidad. Y es que la obesidad es mala consejera adem\u00e1s de ser una enfermedad tan igual que la diabetes. La obesidad va deteriorando poco a poco la salud del paciente hasta dejarlo a expensas de un accidente vascular; sea isqu\u00e9mico como seria un infarto, o hemorr\u00e1gico, como las hemorragias cerebrales.<\/p><p style=\"text-align: justify;\">En la cirug\u00eda est\u00e9tica una gran cantidad de consulta esta orientada hacia la obesidad; y si bien es cierto que algunas t\u00e9cnicas pueden corregir la patolog\u00eda, la obesidad debe ser tratada primero por un servicio medico especializado en metabolismo y nutrici\u00f3n, luego se har\u00e1n los correctivos necesarios<\/p><p style=\"text-align: justify;\">Sin embargo les dar\u00e9 algunos comentarios de nuestros equipos de tratamiento quir\u00fargico para la obesidad m\u00f3rbida. Como no es inter\u00e9s de este sitio exponer las diferentes dietas existentes en el mercado solo me limitare a las t\u00e9cnicas quir\u00fargicas para la obesidad m\u00f3rbida.<\/p><p style=\"text-align: justify;\">De acuerdo a la historia de estas intervenciones las primeras propuestas fueron las gastroplastias transversas y verticales que aun se utilizan en algunos casos, estas son hileras de grapas que se colocan al estomago disminuyendo su capacidad; y es que la mitad de las t\u00e9cnicas est\u00e1n orientadas a: quitar capacidad de llenado al estomago o a producir un transito intestinal r\u00e1pido y a la vez a crear mala absorci\u00f3n de alimentos.<\/p><p style=\"text-align: justify;\">Otro grupo de t\u00e9cnicas colocan un bal\u00f3n en el estomago el cual se infla y repleta el saco estom\u00e1quico, otra t\u00e9cnica consiste en colocar una banda alrededor del estomago para comprimirlo y se maneja con un sistema de presi\u00f3n a disposici\u00f3n del paciente y su medico tratante.<\/p><p style=\"text-align: justify;\">El otro tipo de operaci\u00f3n esta determinada a producir un corto circuito entre el estomago y la porci\u00f3n mas distal del intestino delgado o ileon terminal, son denominadas en su mayor\u00eda by-pass g\u00e1stricos y aparentemente reflejan los mejores resultados.<\/p><p style=\"text-align: justify;\">La t\u00e9cnica del by-pass g\u00e1strico es la intervenci\u00f3n que tenemos en nuestro sitio y pese a que fisiol\u00f3gicamente la t\u00e9cnica genera un s\u00edndrome de malnutrici\u00f3n, para la obesidad m\u00f3rbida es una excelente medida de control.<\/p><\/div>\t\t\t\t\t\t\t\t<\/div>\n\t\t\t\t<\/div>\n\t\t\t\t\t<\/div>\n\t\t<\/div>\n\t\t\t\t\t<\/div>\n\t\t<\/section>\n\t\t\t\t<\/div>\n\t\t","protected":false},"excerpt":{"rendered":"<p>Obesidad El aumento de peso que sobre pase el 30% del peso ideal para una persona es considerado obesidad m\u00f3rbida. Ahora bien un aumento del 10% sobre el peso ideal ya es considerado obesidad. Y es que la obesidad es mala consejera adem\u00e1s de ser una enfermedad tan igual que la diabetes. La obesidad va [&hellip;]<\/p>\n","protected":false},"author":1,"featured_media":0,"parent":0,"menu_order":0,"comment_status":"closed","ping_status":"closed","template":"","meta":{"footnotes":""},"class_list":["post-115","page","type-page","status-publish","hentry"],"jetpack_sharing_enabled":true,"rttpg_featured_image_url":null,"rttpg_author":{"display_name":"admin","author_link":"https:\/\/mislolas.com\/web2\/author\/admin\/"},"rttpg_comment":0,"rttpg_category":null,"rttpg_excerpt":"Obesidad El aumento de peso que sobre pase el 30% del peso ideal para una persona es considerado obesidad m\u00f3rbida. Ahora bien un aumento del 10% sobre el peso ideal ya es considerado obesidad. Y es que la obesidad es mala consejera adem\u00e1s de ser una enfermedad tan igual que la diabetes. La obesidad va&hellip;","_links":{"self":[{"href":"https:\/\/mislolas.com\/web2\/wp-json\/wp\/v2\/pages\/115","targetHints":{"allow":["GET"]}}],"collection":[{"href":"https:\/\/mislolas.com\/web2\/wp-json\/wp\/v2\/pages"}],"about":[{"href":"https:\/\/mislolas.com\/web2\/wp-json\/wp\/v2\/types\/page"}],"author":[{"embeddable":true,"href":"https:\/\/mislolas.com\/web2\/wp-json\/wp\/v2\/users\/1"}],"replies":[{"embeddable":true,"href":"https:\/\/mislolas.com\/web2\/wp-json\/wp\/v2\/comments?post=115"}],"version-history":[{"count":7,"href":"https:\/\/mislolas.com\/web2\/wp-json\/wp\/v2\/pages\/115\/revisions"}],"predecessor-version":[{"id":242,"href":"https:\/\/mislolas.com\/web2\/wp-json\/wp\/v2\/pages\/115\/revisions\/242"}],"wp:attachment":[{"href":"https:\/\/mislolas.com\/web2\/wp-json\/wp\/v2\/media?parent=115"}],"curies":[{"name":"wp","href":"https:\/\/api.w.org\/{rel}","templated":true}]}}