{"id":103,"date":"2022-08-11T17:13:50","date_gmt":"2022-08-11T17:13:50","guid":{"rendered":"https:\/\/mislolas.com\/web2\/?page_id=103"},"modified":"2024-03-07T00:09:42","modified_gmt":"2024-03-07T00:09:42","slug":"lipoescultura","status":"publish","type":"page","link":"https:\/\/mislolas.com\/web2\/lipoescultura\/","title":{"rendered":"Lipoescultura"},"content":{"rendered":"\t\t<div data-elementor-type=\"wp-page\" data-elementor-id=\"103\" class=\"elementor elementor-103\" data-elementor-settings=\"{&quot;ha_cmc_init_switcher&quot;:&quot;no&quot;}\" data-elementor-post-type=\"page\">\n\t\t\t\t\t\t<section class=\"elementor-section elementor-top-section elementor-element elementor-element-4c049712 elementor-section-boxed elementor-section-height-default elementor-section-height-default\" data-id=\"4c049712\" data-element_type=\"section\" data-e-type=\"section\" data-settings=\"{&quot;background_background&quot;:&quot;classic&quot;,&quot;_ha_eqh_enable&quot;:false}\">\n\t\t\t\t\t\t<div class=\"elementor-container elementor-column-gap-default\">\n\t\t\t\t\t<div class=\"elementor-column elementor-col-100 elementor-top-column elementor-element elementor-element-21d093d\" data-id=\"21d093d\" data-element_type=\"column\" data-e-type=\"column\">\n\t\t\t<div class=\"elementor-widget-wrap elementor-element-populated\">\n\t\t\t\t\t\t<div class=\"elementor-element elementor-element-6548cd84 elementor-widget elementor-widget-text-editor\" data-id=\"6548cd84\" data-element_type=\"widget\" data-e-type=\"widget\" data-widget_type=\"text-editor.default\">\n\t\t\t\t<div class=\"elementor-widget-container\">\n\t\t\t\t\t\t\t\t\t<h2 class=\"art-postheader\">Lipoescultura<\/h2><div class=\"art-postcontent art-postcontent-0 clearfix\"><p style=\"text-align: justify;\">Este tratamiento es uno de los mas bondadosos de la cirug\u00eda est\u00e9tica, consiste en eliminar esas partes de grasa o excesos m\u00ednimos de grasa que no se eliminaran con dieta y que en figuras esbeltas se ven como ac\u00famulos extras. No es un tratamiento para adelgazar, es un tratamiento para embellecer, para moldear, para destacar la belleza y es ambulatorio y muy econ\u00f3mico su aplicaci\u00f3n; adem\u00e1s al ver los resultados cualquier precio es nada ante la elevaci\u00f3n del auto estima que produce.<\/p><p style=\"text-align: justify;\">Es el tratamiento de elecci\u00f3n para los concursos de belleza porque realiza grandes cambios en cuesti\u00f3n de horas. La lipoescultura se realiza al cuello, axilas, espalda, abdomen, caderas, vientre, muslos, brazos y antebrazos, t\u00f3rax etc.<\/p><p style=\"text-align: justify;\">Consiste en aspirar la grasa localizada con unas c\u00e1nulas delgadas hasta moldear seg\u00fan el inter\u00e9s del paciente<\/p><p style=\"text-align: justify;\">Muy diferente es la liposucci\u00f3n que consiste en realizar una succi\u00f3n de grandes masas de grasa acumulada en abdomen o extremidades que por sus caracter\u00edsticas morfol\u00f3gicas y por patrones de herencia o morfolog\u00eda no son susceptibles a mover por tratamientos basados en dieta, a veces estos ac\u00famulos son determinados por enfermedades metab\u00f3licas o tratamientos basados en hormonas o esteroides. Este tratamiento de liposucci\u00f3n debe acompa\u00f1arse de dieta adicional y tratamiento quir\u00fargico de dermolipectom\u00eda reconstructiva; sin embargo es una alternativa para cierto tipo de obesidad.<\/p><\/div>\t\t\t\t\t\t\t\t<\/div>\n\t\t\t\t<\/div>\n\t\t\t\t\t<\/div>\n\t\t<\/div>\n\t\t\t\t\t<\/div>\n\t\t<\/section>\n\t\t\t\t<\/div>\n\t\t","protected":false},"excerpt":{"rendered":"<p>Lipoescultura Este tratamiento es uno de los mas bondadosos de la cirug\u00eda est\u00e9tica, consiste en eliminar esas partes de grasa o excesos m\u00ednimos de grasa que no se eliminaran con dieta y que en figuras esbeltas se ven como ac\u00famulos extras. No es un tratamiento para adelgazar, es un tratamiento para embellecer, para moldear, para [&hellip;]<\/p>\n","protected":false},"author":1,"featured_media":0,"parent":0,"menu_order":0,"comment_status":"closed","ping_status":"closed","template":"","meta":{"footnotes":""},"class_list":["post-103","page","type-page","status-publish","hentry"],"jetpack_sharing_enabled":true,"rttpg_featured_image_url":null,"rttpg_author":{"display_name":"admin","author_link":"https:\/\/mislolas.com\/web2\/author\/admin\/"},"rttpg_comment":0,"rttpg_category":null,"rttpg_excerpt":"Lipoescultura Este tratamiento es uno de los mas bondadosos de la cirug\u00eda est\u00e9tica, consiste en eliminar esas partes de grasa o excesos m\u00ednimos de grasa que no se eliminaran con dieta y que en figuras esbeltas se ven como ac\u00famulos extras. No es un tratamiento para adelgazar, es un tratamiento para embellecer, para moldear, para&hellip;","_links":{"self":[{"href":"https:\/\/mislolas.com\/web2\/wp-json\/wp\/v2\/pages\/103","targetHints":{"allow":["GET"]}}],"collection":[{"href":"https:\/\/mislolas.com\/web2\/wp-json\/wp\/v2\/pages"}],"about":[{"href":"https:\/\/mislolas.com\/web2\/wp-json\/wp\/v2\/types\/page"}],"author":[{"embeddable":true,"href":"https:\/\/mislolas.com\/web2\/wp-json\/wp\/v2\/users\/1"}],"replies":[{"embeddable":true,"href":"https:\/\/mislolas.com\/web2\/wp-json\/wp\/v2\/comments?post=103"}],"version-history":[{"count":7,"href":"https:\/\/mislolas.com\/web2\/wp-json\/wp\/v2\/pages\/103\/revisions"}],"predecessor-version":[{"id":272,"href":"https:\/\/mislolas.com\/web2\/wp-json\/wp\/v2\/pages\/103\/revisions\/272"}],"wp:attachment":[{"href":"https:\/\/mislolas.com\/web2\/wp-json\/wp\/v2\/media?parent=103"}],"curies":[{"name":"wp","href":"https:\/\/api.w.org\/{rel}","templated":true}]}}